{"id":234,"date":"2025-09-10T21:21:38","date_gmt":"2025-09-10T21:21:38","guid":{"rendered":"https:\/\/palaisdesgemmes.com\/fr-ci\/?page_id=234"},"modified":"2025-09-10T21:27:04","modified_gmt":"2025-09-10T21:27:04","slug":"1xbet-apk-cameroon","status":"publish","type":"page","link":"https:\/\/palaisdesgemmes.com\/fr-ci\/1xbet-apk-cameroon\/","title":{"rendered":"1xBet APK Cameroon"},"content":{"rendered":"\n<p>Le secteur des paris sportifs conna\u00eet une ascension fulgurante au Cameroun, port\u00e9 par l\u2019engouement pour le sport, le d\u00e9veloppement des r\u00e9seaux mobiles et l\u2019accessibilit\u00e9 croissante des smartphones. Dans cet environnement dynamique, 1xBet Cameroun se distingue comme une plateforme incontournable, tant par sa richesse en fonctionnalit\u00e9s que par son accessibilit\u00e9 sur mobile. Gr\u00e2ce \u00e0 l\u2019application 1xbet apk, les joueurs camerounais peuvent d\u00e9sormais parier en toute libert\u00e9, que ce soit sur un match de football, un tournoi de tennis ou encore des jeux de casino en ligne.<\/p>\n\n\n\n<p>Facile \u00e0 installer, fluide \u00e0 utiliser, et gratuite \u00e0 t\u00e9l\u00e9charger, l&rsquo;application permet une immersion compl\u00e8te dans l\u2019univers de 1xBet Cameroun, sans limitation de lieu ni de temps. Que vous soyez \u00e0 Douala, Yaound\u00e9 ou ailleurs dans le pays, votre exp\u00e9rience de jeu vous suit partout.<\/p>\n\n\n\n<h2 class=\"wp-block-heading\">Pourquoi Choisir 1xBet Cameroun sur Mobile ?<\/h2>\n\n\n\n<p>L\u2019utilisation d\u2019une application mobile de qualit\u00e9 est aujourd\u2019hui essentielle pour les amateurs de paris. L\u2019application 1xbet cameroun apk offre bien plus qu\u2019un simple acc\u00e8s au site. Elle propose une navigation optimis\u00e9e, une interface intuitive et un acc\u00e8s rapide aux \u00e9v\u00e9nements sportifs, aux cotes en direct, ainsi qu\u2019aux jeux de casino les plus populaires. Les performances sont fluides, m\u00eame avec des connexions 3G, et l&rsquo;application est compatible avec la majorit\u00e9 des smartphones Android.<\/p>\n\n\n\n<p>Les utilisateurs camerounais b\u00e9n\u00e9ficient \u00e9galement d\u2019un environnement localis\u00e9 : prise en charge du franc CFA, m\u00e9thodes de paiement locales comme MTN Mobile Money et Orange Money, et des promotions sp\u00e9cialement con\u00e7ues pour le march\u00e9 camerounais.<\/p>\n\n\n\n<h2 class=\"wp-block-heading\">T\u00e9l\u00e9charger 1xBet Cameroun APK en Toute S\u00e9curit\u00e9<\/h2>\n\n\n\n<p>Contrairement \u00e0 de nombreuses applications disponibles sur le Play Store, l&rsquo;application officielle de 1xBet n\u2019est pas accessible via Google Play, pour des raisons de politique sur les jeux d\u2019argent. Mais cela ne signifie pas qu\u2019elle est difficile \u00e0 obtenir. Au contraire : sur cette page, vous pouvez t\u00e9l\u00e9charger 1xBet Cameroun gratuitement gr\u00e2ce \u00e0 notre bouton s\u00e9curis\u00e9 menant vers le fichier APK officiel.<\/p>\n\n\n\n<p>Voici les \u00e9tapes simples \u00e0 suivre :<\/p>\n\n\n\n<ol class=\"wp-block-list\">\n<li>Cliquez sur \u201cT\u00e9l\u00e9charger 1xBet Cameroun APK\u201d pour lancer le t\u00e9l\u00e9chargement.<br><\/li>\n\n\n\n<li>Allez dans les param\u00e8tres de votre t\u00e9l\u00e9phone pour autoriser les sources inconnues.<br><\/li>\n\n\n\n<li>Installez le fichier APK.<br><\/li>\n\n\n\n<li>Ouvrez l\u2019application, connectez-vous ou cr\u00e9ez un compte, et commencez \u00e0 jouer.<br><\/li>\n<\/ol>\n\n\n\n<p>Ce processus ne prend que quelques minutes, et vous permet de t\u00e9l\u00e9charger 1xbet gratuit sans risque de virus ou de versions falsifi\u00e9es.<\/p>\n\n\n\n<h2 class=\"wp-block-heading\">Caract\u00e9ristiques Techniques de l\u2019APK 1xBet Cameroun<\/h2>\n\n\n\n<p>Avant de proc\u00e9der \u00e0 l\u2019installation, il est toujours bon de v\u00e9rifier que votre appareil est compatible avec l\u2019apk 1xbet cameroun. Voici les sp\u00e9cifications principales :<\/p>\n\n\n\n<figure class=\"wp-block-table\"><table class=\"has-fixed-layout\"><tbody><tr><td><strong>Caract\u00e9ristique<\/strong><\/td><td><strong>D\u00e9tail<\/strong><\/td><\/tr><tr><td>Nom de l&rsquo;application<\/td><td>1xBet Cameroun APK<\/td><\/tr><tr><td>Taille du fichier<\/td><td>~65 Mo<\/td><\/tr><tr><td>Compatibilit\u00e9<\/td><td>Android 5.0 et +<\/td><\/tr><tr><td>Langue par d\u00e9faut<\/td><td>Fran\u00e7ais<\/td><\/tr><tr><td>Paiements pris en charge<\/td><td>MTN Mobile Money, Orange Money<\/td><\/tr><tr><td>Version la plus r\u00e9cente<\/td><td>Mise \u00e0 jour r\u00e9guli\u00e8re (sept. 2025)<\/td><\/tr><tr><td>S\u00e9curit\u00e9<\/td><td>Fichier sign\u00e9, sans publicit\u00e9<\/td><\/tr><\/tbody><\/table><\/figure>\n\n\n\n<p>Ce fichier est fourni directement par la plateforme officielle, assurant une exp\u00e9rience fiable et s\u00e9curis\u00e9e aux utilisateurs.<\/p>\n\n\n\n<h2 class=\"wp-block-heading\">Fonctionnalit\u00e9s de l\u2019Application 1xBet APK au Cameroun<\/h2>\n\n\n\n<p>Une fois install\u00e9e, l\u2019application vous donne un acc\u00e8s complet \u00e0 tout l\u2019univers <strong>1xBet Cameroun<\/strong>, avec des fonctionnalit\u00e9s riches et vari\u00e9es :<\/p>\n\n\n\n<ul class=\"wp-block-list\">\n<li>\u26bd <strong>Paris sportifs<\/strong> sur des centaines d\u2019\u00e9v\u00e9nements quotidiens.<br><\/li>\n\n\n\n<li>\ud83d\udd34 <strong>Paris en direct<\/strong> avec actualisation en temps r\u00e9el des cotes.<br><\/li>\n\n\n\n<li>\ud83c\udfb0 <strong>Casino mobile<\/strong>, avec des machines \u00e0 sous, jeux de cartes, live casino.<br><\/li>\n\n\n\n<li>\ud83d\udcb0 <strong>Bonus exclusifs<\/strong> pour les utilisateurs mobiles.<br><\/li>\n\n\n\n<li>\ud83d\udcf1 <strong>Notifications personnalis\u00e9es<\/strong> pour ne jamais rater un match ou une offre.<br><\/li>\n<\/ul>\n\n\n\n<p>L\u2019ergonomie de l\u2019application est pens\u00e9e pour une utilisation rapide et sans bug, m\u00eame sur les t\u00e9l\u00e9phones de performance modeste.<\/p>\n\n\n\n<h2 class=\"wp-block-heading\">S\u00e9curit\u00e9 et Fiabilit\u00e9 de l\u2019APK 1xBet<\/h2>\n\n\n\n<p>T\u00e9l\u00e9charger une application de pari en ligne soul\u00e8ve toujours des questions l\u00e9gitimes de s\u00e9curit\u00e9. C\u2019est pourquoi nous vous proposons ici uniquement la version officielle de l\u2019apk 1xbet cameroun. Elle est s\u00e9curis\u00e9e, sans publicit\u00e9 cach\u00e9e, sans spyware, et b\u00e9n\u00e9ficie d\u2019un cryptage de bout en bout pour prot\u00e9ger vos donn\u00e9es personnelles et financi\u00e8res.<\/p>\n\n\n\n<p>En optant pour le t\u00e9l\u00e9chargement via notre lien v\u00e9rifi\u00e9, vous avez la garantie d\u2019installer une application 100 % fonctionnelle et sans risque.<\/p>\n\n\n\n<h2 class=\"wp-block-heading\">Conclusion \u2013 1xBet APK Cameroun : L\u2019Outil Id\u00e9al pour les Parieurs Mobiles<\/h2>\n\n\n\n<p>Que vous soyez un passionn\u00e9 de sport, un amateur de jeux de casino, ou simplement curieux de d\u00e9couvrir un univers riche en opportunit\u00e9s, l\u2019application 1xbet cameroun est faite pour vous. Elle vous offre tout ce que propose la version web, mais avec plus de rapidit\u00e9, plus de fluidit\u00e9 et plus de flexibilit\u00e9.<\/p>\n\n\n\n<p>Gr\u00e2ce \u00e0 la possibilit\u00e9 de t\u00e9l\u00e9charger 1xbet gratuitement, vous n\u2019avez aucune barri\u00e8re \u00e0 l\u2019entr\u00e9e. Il vous suffit de quelques clics pour transformer votre t\u00e9l\u00e9phone en plateforme de jeu compl\u00e8te et performante. Et avec les moyens de paiement locaux, les bonus exclusifs, et la prise en charge en franc CFA, vous \u00eates s\u00fbr de vivre une exp\u00e9rience parfaitement adapt\u00e9e au Cameroun.<\/p>\n\n\n\n<p><\/p>\n\n\n\n<p><\/p>\n\n\n\n<p><\/p>\n","protected":false},"excerpt":{"rendered":"<p>Le secteur des paris sportifs conna\u00eet une ascension fulgurante au Cameroun, port\u00e9 par l\u2019engouement pour le sport, le d\u00e9veloppement des r\u00e9seaux mobiles et l\u2019accessibilit\u00e9 croissante des smartphones. Dans cet environnement dynamique, 1xBet Cameroun se distingue comme une plateforme incontournable, tant par sa richesse en fonctionnalit\u00e9s que par son accessibilit\u00e9 sur mobile. Gr\u00e2ce \u00e0 l\u2019application 1xbet [&hellip;]<\/p>\n","protected":false},"author":1,"featured_media":0,"parent":0,"menu_order":0,"comment_status":"closed","ping_status":"closed","template":"templates\/xbet.php","meta":{"_acf_changed":false,"footnotes":""},"class_list":["post-234","page","type-page","status-publish","hentry"],"acf":[],"yoast_head":"<!-- This site is optimized with the Yoast SEO plugin v27.4 - https:\/\/yoast.com\/product\/yoast-seo-wordpress\/ -->\n<title>T\u00e9l\u00e9charger 1xBet APK Cameroon Gratuit<\/title>\n<meta name=\"robots\" content=\"index, follow, max-snippet:-1, max-image-preview:large, max-video-preview:-1\" \/>\n<meta property=\"og:locale\" content=\"fr_FR\" \/>\n<meta property=\"og:type\" content=\"article\" \/>\n<meta property=\"og:title\" content=\"T\u00e9l\u00e9charger 1xBet APK Cameroon Gratuit\" \/>\n<meta property=\"og:description\" content=\"Le secteur des paris sportifs conna\u00eet une ascension fulgurante au Cameroun, port\u00e9 par l\u2019engouement pour le sport, le d\u00e9veloppement des r\u00e9seaux mobiles et l\u2019accessibilit\u00e9 croissante des smartphones. Dans cet environnement dynamique, 1xBet Cameroun se distingue comme une plateforme incontournable, tant par sa richesse en fonctionnalit\u00e9s que par son accessibilit\u00e9 sur mobile. Gr\u00e2ce \u00e0 l\u2019application 1xbet [&hellip;]\" \/>\n<meta property=\"og:url\" content=\"https:\/\/palaisdesgemmes.com\/fr-ci\/1xbet-apk-cameroon\/\" \/>\n<meta property=\"og:site_name\" content=\"FR-CI\" \/>\n<meta property=\"article:modified_time\" content=\"2025-09-10T21:27:04+00:00\" \/>\n<meta name=\"twitter:card\" content=\"summary_large_image\" \/>\n<meta name=\"twitter:label1\" content=\"Dur\u00e9e de lecture estim\u00e9e\" \/>\n\t<meta name=\"twitter:data1\" content=\"4 minutes\" \/>\n<script type=\"application\/ld+json\" class=\"yoast-schema-graph\">{\"@context\":\"https:\\\/\\\/schema.org\",\"@graph\":[{\"@type\":\"WebPage\",\"@id\":\"https:\\\/\\\/palaisdesgemmes.com\\\/fr-ci\\\/1xbet-apk-cameroon\\\/\",\"url\":\"https:\\\/\\\/palaisdesgemmes.com\\\/fr-ci\\\/1xbet-apk-cameroon\\\/\",\"name\":\"T\u00e9l\u00e9charger 1xBet APK Cameroon Gratuit\",\"isPartOf\":{\"@id\":\"https:\\\/\\\/palaisdesgemmes.com\\\/fr-ci\\\/#website\"},\"datePublished\":\"2025-09-10T21:21:38+00:00\",\"dateModified\":\"2025-09-10T21:27:04+00:00\",\"breadcrumb\":{\"@id\":\"https:\\\/\\\/palaisdesgemmes.com\\\/fr-ci\\\/1xbet-apk-cameroon\\\/#breadcrumb\"},\"inLanguage\":\"fr-FR\",\"potentialAction\":[{\"@type\":\"ReadAction\",\"target\":[\"https:\\\/\\\/palaisdesgemmes.com\\\/fr-ci\\\/1xbet-apk-cameroon\\\/\"]}]},{\"@type\":\"BreadcrumbList\",\"@id\":\"https:\\\/\\\/palaisdesgemmes.com\\\/fr-ci\\\/1xbet-apk-cameroon\\\/#breadcrumb\",\"itemListElement\":[{\"@type\":\"ListItem\",\"position\":1,\"name\":\"Home\",\"item\":\"https:\\\/\\\/palaisdesgemmes.com\\\/fr-ci\\\/\"},{\"@type\":\"ListItem\",\"position\":2,\"name\":\"1xBet APK Cameroon\"}]},{\"@type\":\"WebSite\",\"@id\":\"https:\\\/\\\/palaisdesgemmes.com\\\/fr-ci\\\/#website\",\"url\":\"https:\\\/\\\/palaisdesgemmes.com\\\/fr-ci\\\/\",\"name\":\"FR-CI\",\"description\":\"\",\"potentialAction\":[{\"@type\":\"SearchAction\",\"target\":{\"@type\":\"EntryPoint\",\"urlTemplate\":\"https:\\\/\\\/palaisdesgemmes.com\\\/fr-ci\\\/?s={search_term_string}\"},\"query-input\":{\"@type\":\"PropertyValueSpecification\",\"valueRequired\":true,\"valueName\":\"search_term_string\"}}],\"inLanguage\":\"fr-FR\"}]}<\/script>\n<!-- \/ Yoast SEO plugin. -->","yoast_head_json":{"title":"T\u00e9l\u00e9charger 1xBet APK Cameroon Gratuit","robots":{"index":"index","follow":"follow","max-snippet":"max-snippet:-1","max-image-preview":"max-image-preview:large","max-video-preview":"max-video-preview:-1"},"og_locale":"fr_FR","og_type":"article","og_title":"T\u00e9l\u00e9charger 1xBet APK Cameroon Gratuit","og_description":"Le secteur des paris sportifs conna\u00eet une ascension fulgurante au Cameroun, port\u00e9 par l\u2019engouement pour le sport, le d\u00e9veloppement des r\u00e9seaux mobiles et l\u2019accessibilit\u00e9 croissante des smartphones. Dans cet environnement dynamique, 1xBet Cameroun se distingue comme une plateforme incontournable, tant par sa richesse en fonctionnalit\u00e9s que par son accessibilit\u00e9 sur mobile. Gr\u00e2ce \u00e0 l\u2019application 1xbet [&hellip;]","og_url":"https:\/\/palaisdesgemmes.com\/fr-ci\/1xbet-apk-cameroon\/","og_site_name":"FR-CI","article_modified_time":"2025-09-10T21:27:04+00:00","twitter_card":"summary_large_image","twitter_misc":{"Dur\u00e9e de lecture estim\u00e9e":"4 minutes"},"schema":{"@context":"https:\/\/schema.org","@graph":[{"@type":"WebPage","@id":"https:\/\/palaisdesgemmes.com\/fr-ci\/1xbet-apk-cameroon\/","url":"https:\/\/palaisdesgemmes.com\/fr-ci\/1xbet-apk-cameroon\/","name":"T\u00e9l\u00e9charger 1xBet APK Cameroon Gratuit","isPartOf":{"@id":"https:\/\/palaisdesgemmes.com\/fr-ci\/#website"},"datePublished":"2025-09-10T21:21:38+00:00","dateModified":"2025-09-10T21:27:04+00:00","breadcrumb":{"@id":"https:\/\/palaisdesgemmes.com\/fr-ci\/1xbet-apk-cameroon\/#breadcrumb"},"inLanguage":"fr-FR","potentialAction":[{"@type":"ReadAction","target":["https:\/\/palaisdesgemmes.com\/fr-ci\/1xbet-apk-cameroon\/"]}]},{"@type":"BreadcrumbList","@id":"https:\/\/palaisdesgemmes.com\/fr-ci\/1xbet-apk-cameroon\/#breadcrumb","itemListElement":[{"@type":"ListItem","position":1,"name":"Home","item":"https:\/\/palaisdesgemmes.com\/fr-ci\/"},{"@type":"ListItem","position":2,"name":"1xBet APK Cameroon"}]},{"@type":"WebSite","@id":"https:\/\/palaisdesgemmes.com\/fr-ci\/#website","url":"https:\/\/palaisdesgemmes.com\/fr-ci\/","name":"FR-CI","description":"","potentialAction":[{"@type":"SearchAction","target":{"@type":"EntryPoint","urlTemplate":"https:\/\/palaisdesgemmes.com\/fr-ci\/?s={search_term_string}"},"query-input":{"@type":"PropertyValueSpecification","valueRequired":true,"valueName":"search_term_string"}}],"inLanguage":"fr-FR"}]}},"_links":{"self":[{"href":"https:\/\/palaisdesgemmes.com\/fr-ci\/wp-json\/wp\/v2\/pages\/234","targetHints":{"allow":["GET"]}}],"collection":[{"href":"https:\/\/palaisdesgemmes.com\/fr-ci\/wp-json\/wp\/v2\/pages"}],"about":[{"href":"https:\/\/palaisdesgemmes.com\/fr-ci\/wp-json\/wp\/v2\/types\/page"}],"author":[{"embeddable":true,"href":"https:\/\/palaisdesgemmes.com\/fr-ci\/wp-json\/wp\/v2\/users\/1"}],"replies":[{"embeddable":true,"href":"https:\/\/palaisdesgemmes.com\/fr-ci\/wp-json\/wp\/v2\/comments?post=234"}],"version-history":[{"count":2,"href":"https:\/\/palaisdesgemmes.com\/fr-ci\/wp-json\/wp\/v2\/pages\/234\/revisions"}],"predecessor-version":[{"id":240,"href":"https:\/\/palaisdesgemmes.com\/fr-ci\/wp-json\/wp\/v2\/pages\/234\/revisions\/240"}],"wp:attachment":[{"href":"https:\/\/palaisdesgemmes.com\/fr-ci\/wp-json\/wp\/v2\/media?parent=234"}],"curies":[{"name":"wp","href":"https:\/\/api.w.org\/{rel}","templated":true}]}}